{"id":1055,"date":"2012-11-02T21:15:21","date_gmt":"2012-11-03T03:15:21","guid":{"rendered":"http:\/\/www.paddlethewaters.org\/?page_id=1055"},"modified":"2024-07-31T12:55:28","modified_gmt":"2024-07-31T19:55:28","slug":"our-videos","status":"publish","type":"page","link":"https:\/\/www.paddlethewaters.org\/?page_id=1055","title":{"rendered":"Our Videos"},"content":{"rendered":"\t\t<div data-elementor-type=\"wp-page\" data-elementor-id=\"1055\" class=\"elementor elementor-1055\">\n\t\t\t\t\t\t<section class=\"elementor-section elementor-top-section elementor-element elementor-element-513aaff5 elementor-section-boxed elementor-section-height-default elementor-section-height-default\" data-id=\"513aaff5\" data-element_type=\"section\" data-e-type=\"section\">\n\t\t\t\t\t\t<div class=\"elementor-container elementor-column-gap-default\">\n\t\t\t\t\t<div class=\"elementor-column elementor-col-100 elementor-top-column elementor-element elementor-element-76a1b950\" data-id=\"76a1b950\" data-element_type=\"column\" data-e-type=\"column\">\n\t\t\t<div class=\"elementor-widget-wrap elementor-element-populated\">\n\t\t\t\t\t\t<div class=\"elementor-element elementor-element-e29c271 elementor-widget elementor-widget-text-editor\" data-id=\"e29c271\" data-element_type=\"widget\" data-e-type=\"widget\" data-widget_type=\"text-editor.default\">\n\t\t\t\t<div class=\"elementor-widget-container\">\n\t\t\t\t\t\t\t\t\t<p style=\"text-align: justify;\">Please find below the links to the videos we have produced from the Expedition.\u00a0They are all on YouTube on the &#8216;<strong>paddlethewaters<\/strong>&#8216; channel, we will upload them and post the link on this site as they are produced. We hope you enjoy!<\/p><p style=\"text-align: justify;\">[Trouvez ci-bas le lien des vid\u00e9os que nous avons produites pour notre derni\u00e8re Exp\u00e9dition. Elles sont toutes sur notre poste YouTube\u00a0 &#8216;<strong>paddlethewaters<\/strong>&#8216;. Nous allons les t\u00e9l\u00e9charger au fur et \u00e0 mesure et mettre leur lien sur cette page web. Amusez-vous! ]<\/p><p><a href=\"https:\/\/www.youtube.com\/watch?v=LpKWi5QknrE&amp;ab_channel=paddlethewaters\"><strong>#1: Expedition 2012 Source to Sea [de la Source \u00e0 la Mer] &#8211; Stage 1\/5<\/strong><\/a><\/p><p>\u00a0<\/p><p><a href=\"https:\/\/www.youtube.com\/watch?v=c8e-gDI3i98&amp;ab_channel=paddlethewaters\"><strong>#2: Expedition Source-to-Sea 2012 &#8211; Stage 2: The Athabasca River<\/strong><\/a><\/p><p>\u00a0<\/p><p style=\"text-align: justify;\"><a href=\"https:\/\/www.youtube.com\/watch?v=MGlcLZn3ypI&amp;ab_channel=paddlethewaters\"><strong>#3: Expedition Source-to-Sea 2012 &#8211; Stage 3: Slave River &amp; Great Slave Lake<\/strong><\/a><\/p><p>\u00a0<\/p><p style=\"text-align: justify;\"><a href=\"https:\/\/www.youtube.com\/watch?v=lW2t3y9k3x0&amp;ab_channel=paddlethewaters\"><strong>#4: Expedition Source-to-Sea 2012 Stage 4: Mackenzie River, Part 1\/2<\/strong><\/a><\/p><p>\u00a0<\/p><p style=\"text-align: justify;\"><a href=\"https:\/\/www.youtube.com\/watch?v=VJcaUk315_w&amp;ab_channel=paddlethewaters\"><strong>#5:Expedition Source-to-Sea 2012 Stage 4: Mackenzie River &amp;\u00a0Arctic Ocean, Part 2\/2<\/strong><\/a><\/p><p style=\"text-align: justify;\">\u00a0<\/p><p style=\"text-align: justify;\">\u00a0<\/p>\t\t\t\t\t\t\t\t<\/div>\n\t\t\t\t<\/div>\n\t\t\t\t\t<\/div>\n\t\t<\/div>\n\t\t\t\t\t<\/div>\n\t\t<\/section>\n\t\t\t\t<section class=\"elementor-section elementor-top-section elementor-element elementor-element-6e9638e elementor-section-boxed elementor-section-height-default elementor-section-height-default\" data-id=\"6e9638e\" data-element_type=\"section\" data-e-type=\"section\">\n\t\t\t\t\t\t<div class=\"elementor-container elementor-column-gap-default\">\n\t\t\t\t\t<div class=\"elementor-column elementor-col-100 elementor-top-column elementor-element elementor-element-2c39d57\" data-id=\"2c39d57\" data-element_type=\"column\" data-e-type=\"column\">\n\t\t\t<div class=\"elementor-widget-wrap\">\n\t\t\t\t\t\t\t<\/div>\n\t\t<\/div>\n\t\t\t\t\t<\/div>\n\t\t<\/section>\n\t\t\t\t<\/div>\n\t\t","protected":false},"excerpt":{"rendered":"<p>Please find below the links to the videos we have produced from the Expedition.\u00a0They are all on YouTube on the &#8216;paddlethewaters&#8216; channel, we will upload them and post the link on this site as they are produced. We hope you enjoy! [Trouvez ci-bas le lien des vid\u00e9os que nous avons produites pour notre derni\u00e8re Exp\u00e9dition. &hellip; <\/p>\n<p class=\"link-more\"><a href=\"https:\/\/www.paddlethewaters.org\/?page_id=1055\" class=\"more-link\">Read more<span class=\"screen-reader-text\"> &#8220;Our Videos&#8221;<\/span><\/a><\/p>\n","protected":false},"author":3,"featured_media":0,"parent":41,"menu_order":5,"comment_status":"open","ping_status":"open","template":"","meta":{"inspiro_hide_title":false,"footnotes":""},"class_list":["post-1055","page","type-page","status-publish","hentry"],"featured_media_urls":[],"_links":{"self":[{"href":"https:\/\/www.paddlethewaters.org\/index.php?rest_route=\/wp\/v2\/pages\/1055","targetHints":{"allow":["GET"]}}],"collection":[{"href":"https:\/\/www.paddlethewaters.org\/index.php?rest_route=\/wp\/v2\/pages"}],"about":[{"href":"https:\/\/www.paddlethewaters.org\/index.php?rest_route=\/wp\/v2\/types\/page"}],"author":[{"embeddable":true,"href":"https:\/\/www.paddlethewaters.org\/index.php?rest_route=\/wp\/v2\/users\/3"}],"replies":[{"embeddable":true,"href":"https:\/\/www.paddlethewaters.org\/index.php?rest_route=%2Fwp%2Fv2%2Fcomments&post=1055"}],"version-history":[{"count":45,"href":"https:\/\/www.paddlethewaters.org\/index.php?rest_route=\/wp\/v2\/pages\/1055\/revisions"}],"predecessor-version":[{"id":2712,"href":"https:\/\/www.paddlethewaters.org\/index.php?rest_route=\/wp\/v2\/pages\/1055\/revisions\/2712"}],"up":[{"embeddable":true,"href":"https:\/\/www.paddlethewaters.org\/index.php?rest_route=\/wp\/v2\/pages\/41"}],"wp:attachment":[{"href":"https:\/\/www.paddlethewaters.org\/index.php?rest_route=%2Fwp%2Fv2%2Fmedia&parent=1055"}],"curies":[{"name":"wp","href":"https:\/\/api.w.org\/{rel}","templated":true}]}}