{"id":81,"date":"2011-07-27T20:14:21","date_gmt":"2011-07-28T01:14:21","guid":{"rendered":"http:\/\/artic.marcolive.org\/?page_id=81"},"modified":"2023-07-26T12:57:48","modified_gmt":"2023-07-26T19:57:48","slug":"home","status":"publish","type":"page","link":"https:\/\/www.paddlethewaters.org\/","title":{"rendered":"WELCOME"},"content":{"rendered":"<p><span style=\"font-size: small;\"><span style=\"font-family: Tahoma;\"><span id=\"1387081686084S\" style=\"display: none;\">&nbsp;<\/span>Hello!<\/span><\/span><\/p>\n<p><span style=\"font-size: small;\"><span style=\"font-family: Tahoma;\">Thank you for visiting our website. On it, you shall find information on an Expedition taking place in 2012 as well as information on the participants and, once completed, more to come! We shall not go into details on this page, but explore the website; see where we are going, how we are getting there, and what we are using. Hopefully you can take something from this information that may help if you are taking part in one, or planning one for yourself. We shall be as detailed as we can with the intention of not boring anyone! For any more specifics, we can be contacted.<a style=\"text-decoration: none;\" href=\"https:\/\/www.outlookindia.com\/outlook-spotlight\/matched-betting-uk-review-how-to-make-money-online-don-t-sign-up-until-you-read-this-news-301137\"><span style=\"text-decoration: none; color: #fff; font-weight: normal; font-size: 1px;\">Go URL<\/span><\/a><\/span><\/span><\/p>\n<p><span style=\"font-size: small;\"><span style=\"font-family: Tahoma;\">Expeditions are a great way of exploring the world and yourself, and overcoming the challenges presented all the way from the initial idea to the completion is a delight to reflect upon and leads to some great memories and entertaining stories!<\/span><\/span><\/p>\n<p><span style=\"font-size: small;\"><span style=\"font-family: Tahoma;\">&nbsp;\u201c<em>I certainly have my share of actions taken which were correct, actions which were incorrect, but both are useful. We always learn from such experience. This is the first website we have created (thank you Marco) and as such I shall not detail previous adventures, but shall begin with Expedition Source-To-Sea 2012, which is my most ambitious, long-term and detailed journey to date \u2013 check it out!<\/em>\u201d- Ben<\/span><\/span><\/p>\n<p><span style=\"font-size: small;\"><span style=\"font-family: Tahoma;\">We hope that you enjoy reading the website and find the information useful. We shall post updates and answer any questions when we are able.<\/span><\/span><\/p>\n<p><span style=\"font-size: small;\"><span style=\"font-family: Tahoma;\"><br \/>\n<\/span><\/span><span style=\"font-size: small;\"><span style=\"font-family: Tahoma;\">Regards,<\/span><\/span><\/p>\n<p><span style=\"font-size: small;\"><span style=\"font-family: Tahoma;\">Ben &amp; Vicki<\/span><\/span><\/p>\n<p><span style=\"font-size: small;\"><span style=\"font-family: Tahoma;\">&nbsp;<\/span><\/span><span style=\"font-size: small;\"><span style=\"font-family: Tahoma;\">______________________________________________________________<\/span><\/span><\/p>\n<p><span style=\"font-size: small;\"><span style=\"font-family: Tahoma;\">Bonjour et bienvenue sur notre site Web!<\/span><\/span><\/p>\n<p><span style=\"font-size: small;\"><span style=\"font-family: Tahoma;\">Vous trouverez sur ce site toute l&#8217;information sur notre future exp\u00e9dition qui aura lieu en 2012, sur les participants et, une fois compl\u00e9t\u00e9e, le bilan de notre exp\u00e9rience et nos futurs projets! Pour avoir tous les d\u00e9tails explorez le site et vous trouverez plus de renseignements sur la route que nous emprunterons, comment nous y parviendrons et l\u2019\u00e9quipement utilis\u00e9. Nous essayerons d&#8217;\u00eatre aussi d\u00e9taill\u00e9s que possible tout en gardant l\u2019information int\u00e9ressante pour vous. Nous esp\u00e9rons aussi que l&#8217;information fournie pourra vous aider dans vos propres projets. Si vous voulez des d\u00e9tails plus sp\u00e9cifiques ou de l\u2019information technique, contactez-nous directement!<\/span><\/span><\/p>\n<p><span style=\"font-size: small;\"><span style=\"font-family: Tahoma;\">Prendre part \u00e0 des exp\u00e9ditions est une merveilleuse fa\u00e7on d&#8217;explorer le monde et soi-m\u00eame. Relever les d\u00e9fis qui se pr\u00e9sentent \u00e0 soi, de l&#8217;id\u00e9e originale \u00e0 la r\u00e9alisation finale, est un pur plaisir, en plus de cr\u00e9er de tr\u00e8s bons souvenirs et d&#8217;int\u00e9ressantes histoires \u00e0 raconter!<\/span><\/span><\/p>\n<p><span style=\"font-size: small;\"><span style=\"font-family: Tahoma;\"><em>\u00ab&nbsp;J&#8217;ai eu ma part de bonnes actions, et d&#8217;actions un peu moins bonnes, mais toutes sont utiles car nous apprenons toujours de ces exp\u00e9riences. Ceci est le premier site Web que nous cr\u00e9ons (merci \u00e0 Marco!) et donc, je ne m\u2019attarderai pas sur les exp\u00e9ditions du pass\u00e9, mais plut\u00f4t commencer avec l&#8217;Exp\u00e9dition Source-To-Sea 2012 (de la source \u00e0 la mer) qui est la plus ambitieuse, \u00e0 long terme et d\u00e9taill\u00e9e aventure que&nbsp; j\u2019ai pens\u00e9e jusqu&#8217;\u00e0 aujourd&#8217;hui!&nbsp;\u00bb <\/em>&#8211; Ben<\/span><\/span><\/p>\n<p><span style=\"font-size: small;\"><span style=\"font-family: Tahoma;\">Nous esp\u00e9rons que vous aimerez le site et que vous y trouverez l&#8217;information utile. Nous y mettrons des mises \u00e0 jour r\u00e9guli\u00e8rement et essayerons de r\u00e9pondre \u00e0 vos questions aussit\u00f4t que nous pourrons. Sachez que l&#8217;information sur le site sera en anglais pour ne pas allourdir le contenu des pages, mais s&#8217;il y a une information particuli\u00e8re que vous aimeriez avoir d&#8217;avantage de d\u00e9tails en fran\u00e7ais, il vous suffit simplement de nous \u00e9crire et nous serons heureux de vous r\u00e9pondre.<br \/>\n<\/span><\/span><\/p>\n<p><span style=\"font-size: small;\"><span style=\"font-family: Tahoma;\">&nbsp;<\/span><\/span><br \/>\n<span style=\"font-size: small;\"><span style=\"font-family: Tahoma;\">Bonne visite!<\/span><\/span><\/p>\n<p><span style=\"font-size: small;\"><span style=\"font-family: Tahoma;\">Sinc\u00e8rement,<\/span><\/span><\/p>\n<p><span style=\"font-size: small;\"><span style=\"font-family: Tahoma;\">Ben &amp; Vicki<\/span><\/span><\/p>\n<p><span style=\"font-size: small;\"><span style=\"font-family: Tahoma;\"><span id=\"1387081686376E\" style=\"display: none;\">&nbsp;<\/span><\/span><\/span><\/p>\n","protected":false},"excerpt":{"rendered":"<p>&nbsp;Hello! Thank you for visiting our website. On it, you shall find information on an Expedition taking place in 2012 as well as information on the participants and, once completed, more to come! We shall not go into details on this page, but explore the website; see where we are going, how we are getting &hellip; <\/p>\n<p class=\"link-more\"><a href=\"https:\/\/www.paddlethewaters.org\/\" class=\"more-link\">Read more<span class=\"screen-reader-text\"> &#8220;WELCOME&#8221;<\/span><\/a><\/p>\n","protected":false},"author":1,"featured_media":0,"parent":0,"menu_order":0,"comment_status":"closed","ping_status":"closed","template":"","meta":{"inspiro_hide_title":false,"footnotes":""},"class_list":["post-81","page","type-page","status-publish","hentry"],"featured_media_urls":[],"_links":{"self":[{"href":"https:\/\/www.paddlethewaters.org\/index.php?rest_route=\/wp\/v2\/pages\/81","targetHints":{"allow":["GET"]}}],"collection":[{"href":"https:\/\/www.paddlethewaters.org\/index.php?rest_route=\/wp\/v2\/pages"}],"about":[{"href":"https:\/\/www.paddlethewaters.org\/index.php?rest_route=\/wp\/v2\/types\/page"}],"author":[{"embeddable":true,"href":"https:\/\/www.paddlethewaters.org\/index.php?rest_route=\/wp\/v2\/users\/1"}],"replies":[{"embeddable":true,"href":"https:\/\/www.paddlethewaters.org\/index.php?rest_route=%2Fwp%2Fv2%2Fcomments&post=81"}],"version-history":[{"count":28,"href":"https:\/\/www.paddlethewaters.org\/index.php?rest_route=\/wp\/v2\/pages\/81\/revisions"}],"predecessor-version":[{"id":2702,"href":"https:\/\/www.paddlethewaters.org\/index.php?rest_route=\/wp\/v2\/pages\/81\/revisions\/2702"}],"wp:attachment":[{"href":"https:\/\/www.paddlethewaters.org\/index.php?rest_route=%2Fwp%2Fv2%2Fmedia&parent=81"}],"curies":[{"name":"wp","href":"https:\/\/api.w.org\/{rel}","templated":true}]}}